{"id":11,"date":"2026-03-01T10:17:49","date_gmt":"2026-03-01T13:17:49","guid":{"rendered":"http:\/\/legelato.com.br\/?page_id=11"},"modified":"2026-03-01T16:43:08","modified_gmt":"2026-03-01T19:43:08","slug":"contato","status":"publish","type":"page","link":"https:\/\/legelato.com.br\/index.php\/contato\/","title":{"rendered":"Nossos carrinhos"},"content":{"rendered":"\n<p>N\u00e3o basta ter um gelato com alto padr\u00e3o de qualidade, mas tamb\u00e9m oferecer uma apresenta\u00e7\u00e3o que esteja alinhada com a decora\u00e7\u00e3o da festa. <\/p>\n\n\n\n<figure class=\"wp-block-gallery has-nested-images columns-default is-cropped wp-block-gallery-1 is-layout-flex wp-block-gallery-is-layout-flex\">\n<figure class=\"wp-block-image size-large\"><img loading=\"lazy\" decoding=\"async\" width=\"768\" height=\"1024\" data-id=\"72\" src=\"http:\/\/legelato.com.br\/wp-content\/uploads\/2026\/03\/IMG_6169-768x1024.jpg\" alt=\"\" class=\"wp-image-72\" srcset=\"https:\/\/legelato.com.br\/wp-content\/uploads\/2026\/03\/IMG_6169-768x1024.jpg 768w, https:\/\/legelato.com.br\/wp-content\/uploads\/2026\/03\/IMG_6169-225x300.jpg 225w, https:\/\/legelato.com.br\/wp-content\/uploads\/2026\/03\/IMG_6169-1152x1536.jpg 1152w, https:\/\/legelato.com.br\/wp-content\/uploads\/2026\/03\/IMG_6169-1536x2048.jpg 1536w, https:\/\/legelato.com.br\/wp-content\/uploads\/2026\/03\/IMG_6169-scaled.jpg 1920w\" sizes=\"auto, (max-width: 767px) 89vw, (max-width: 1000px) 54vw, (max-width: 1071px) 543px, 580px\" \/><\/figure>\n\n\n\n<figure class=\"wp-block-image size-large\"><img loading=\"lazy\" decoding=\"async\" width=\"768\" height=\"1024\" data-id=\"70\" src=\"http:\/\/legelato.com.br\/wp-content\/uploads\/2026\/03\/5bac749c-a8e7-48e1-995a-ce2a51d78824-768x1024.jpg\" alt=\"\" class=\"wp-image-70\" srcset=\"https:\/\/legelato.com.br\/wp-content\/uploads\/2026\/03\/5bac749c-a8e7-48e1-995a-ce2a51d78824-768x1024.jpg 768w, https:\/\/legelato.com.br\/wp-content\/uploads\/2026\/03\/5bac749c-a8e7-48e1-995a-ce2a51d78824-225x300.jpg 225w, https:\/\/legelato.com.br\/wp-content\/uploads\/2026\/03\/5bac749c-a8e7-48e1-995a-ce2a51d78824.jpg 960w\" sizes=\"auto, (max-width: 767px) 89vw, (max-width: 1000px) 54vw, (max-width: 1071px) 543px, 580px\" \/><\/figure>\n\n\n\n<figure class=\"wp-block-image size-large\"><img loading=\"lazy\" decoding=\"async\" width=\"699\" height=\"1024\" data-id=\"88\" src=\"http:\/\/legelato.com.br\/wp-content\/uploads\/2026\/03\/IMG_6803-699x1024.jpg\" alt=\"\" class=\"wp-image-88\" srcset=\"https:\/\/legelato.com.br\/wp-content\/uploads\/2026\/03\/IMG_6803-699x1024.jpg 699w, https:\/\/legelato.com.br\/wp-content\/uploads\/2026\/03\/IMG_6803-205x300.jpg 205w, https:\/\/legelato.com.br\/wp-content\/uploads\/2026\/03\/IMG_6803-768x1126.jpg 768w, https:\/\/legelato.com.br\/wp-content\/uploads\/2026\/03\/IMG_6803-1048x1536.jpg 1048w, https:\/\/legelato.com.br\/wp-content\/uploads\/2026\/03\/IMG_6803-1397x2048.jpg 1397w, https:\/\/legelato.com.br\/wp-content\/uploads\/2026\/03\/IMG_6803-scaled.jpg 1747w\" sizes=\"auto, (max-width: 699px) 100vw, 699px\" \/><\/figure>\n\n\n\n<figure class=\"wp-block-image size-large\"><img loading=\"lazy\" decoding=\"async\" width=\"768\" height=\"1024\" data-id=\"82\" src=\"http:\/\/legelato.com.br\/wp-content\/uploads\/2026\/03\/2CD3316E-11E4-42BB-97E1-D5E6233C7AAA_5686673A-B312-4648-BFF0-EDAB48B7FD58-1-768x1024.jpg\" alt=\"\" class=\"wp-image-82\" srcset=\"https:\/\/legelato.com.br\/wp-content\/uploads\/2026\/03\/2CD3316E-11E4-42BB-97E1-D5E6233C7AAA_5686673A-B312-4648-BFF0-EDAB48B7FD58-1-768x1024.jpg 768w, https:\/\/legelato.com.br\/wp-content\/uploads\/2026\/03\/2CD3316E-11E4-42BB-97E1-D5E6233C7AAA_5686673A-B312-4648-BFF0-EDAB48B7FD58-1-225x300.jpg 225w, https:\/\/legelato.com.br\/wp-content\/uploads\/2026\/03\/2CD3316E-11E4-42BB-97E1-D5E6233C7AAA_5686673A-B312-4648-BFF0-EDAB48B7FD58-1.jpg 960w\" sizes=\"auto, (max-width: 767px) 89vw, (max-width: 1000px) 54vw, (max-width: 1071px) 543px, 580px\" \/><\/figure>\n\n\n\n<figure class=\"wp-block-image size-large\"><img loading=\"lazy\" decoding=\"async\" width=\"2560\" height=\"2560\" data-id=\"86\" src=\"http:\/\/legelato.com.br\/wp-content\/uploads\/2026\/03\/IMG_6675-edited-scaled.jpg\" alt=\"\" class=\"wp-image-86\" srcset=\"https:\/\/legelato.com.br\/wp-content\/uploads\/2026\/03\/IMG_6675-edited-scaled.jpg 2560w, https:\/\/legelato.com.br\/wp-content\/uploads\/2026\/03\/IMG_6675-edited-300x300.jpg 300w, https:\/\/legelato.com.br\/wp-content\/uploads\/2026\/03\/IMG_6675-edited-1024x1024.jpg 1024w, https:\/\/legelato.com.br\/wp-content\/uploads\/2026\/03\/IMG_6675-edited-150x150.jpg 150w, https:\/\/legelato.com.br\/wp-content\/uploads\/2026\/03\/IMG_6675-edited-768x768.jpg 768w, https:\/\/legelato.com.br\/wp-content\/uploads\/2026\/03\/IMG_6675-edited-1536x1536.jpg 1536w, https:\/\/legelato.com.br\/wp-content\/uploads\/2026\/03\/IMG_6675-edited-2048x2048.jpg 2048w, https:\/\/legelato.com.br\/wp-content\/uploads\/2026\/03\/IMG_6675-edited-100x100.jpg 100w\" sizes=\"auto, (max-width: 767px) 89vw, (max-width: 1000px) 54vw, (max-width: 1071px) 543px, 580px\" \/><\/figure>\n<\/figure>\n","protected":false},"excerpt":{"rendered":"<p>N\u00e3o basta ter um gelato com alto padr\u00e3o de qualidade, mas tamb\u00e9m oferecer uma apresenta\u00e7\u00e3o que esteja alinhada com a decora\u00e7\u00e3o da festa.<\/p>\n","protected":false},"author":1,"featured_media":56,"parent":0,"menu_order":0,"comment_status":"closed","ping_status":"closed","template":"","meta":{"footnotes":""},"class_list":["post-11","page","type-page","status-publish","has-post-thumbnail","hentry"],"_links":{"self":[{"href":"https:\/\/legelato.com.br\/index.php\/wp-json\/wp\/v2\/pages\/11","targetHints":{"allow":["GET"]}}],"collection":[{"href":"https:\/\/legelato.com.br\/index.php\/wp-json\/wp\/v2\/pages"}],"about":[{"href":"https:\/\/legelato.com.br\/index.php\/wp-json\/wp\/v2\/types\/page"}],"author":[{"embeddable":true,"href":"https:\/\/legelato.com.br\/index.php\/wp-json\/wp\/v2\/users\/1"}],"replies":[{"embeddable":true,"href":"https:\/\/legelato.com.br\/index.php\/wp-json\/wp\/v2\/comments?post=11"}],"version-history":[{"count":6,"href":"https:\/\/legelato.com.br\/index.php\/wp-json\/wp\/v2\/pages\/11\/revisions"}],"predecessor-version":[{"id":93,"href":"https:\/\/legelato.com.br\/index.php\/wp-json\/wp\/v2\/pages\/11\/revisions\/93"}],"wp:featuredmedia":[{"embeddable":true,"href":"https:\/\/legelato.com.br\/index.php\/wp-json\/wp\/v2\/media\/56"}],"wp:attachment":[{"href":"https:\/\/legelato.com.br\/index.php\/wp-json\/wp\/v2\/media?parent=11"}],"curies":[{"name":"wp","href":"https:\/\/api.w.org\/{rel}","templated":true}]}}