{"id":9,"date":"2026-03-01T10:17:49","date_gmt":"2026-03-01T13:17:49","guid":{"rendered":"http:\/\/legelato.com.br\/?page_id=9"},"modified":"2026-03-01T16:45:58","modified_gmt":"2026-03-01T19:45:58","slug":"pagina-inicial","status":"publish","type":"page","link":"https:\/\/legelato.com.br\/","title":{"rendered":"Le Gelato"},"content":{"rendered":"\n<p>A Le Gelato iniciou suas atividades durante um per\u00edodo que o mundo estava em um ritmo mais lento por causa da pandemia. Come\u00e7amos nossa produ\u00e7\u00e3o de forma modesta, vendendo apenas para um grupo de amigos, at\u00e9 que surgiu o desejo de abrir uma gelateria.<\/p>\n\n\n\n<p>A loja era pequena e simples, mas o produto cativava os paladares dos nossos clientes.  E diante de tantos elogios, recebemos o primeiro convite para servir um evento. Aceitamos o desafio e ficamos realizados com o sucesso do gelato na festa.<\/p>\n\n\n\n<p>Decidimos ent\u00e3o nos especializar nesse mercado, encerramos nossa opera\u00e7\u00e3o com a loja, e estamos h\u00e1 mais de 05 anos conquistando clientes e levando uma experi\u00eancia incr\u00edvel aos seus convidados.<\/p>\n","protected":false},"excerpt":{"rendered":"<p>A Le Gelato iniciou suas atividades durante um per\u00edodo que o mundo estava em um ritmo mais lento por causa da pandemia. Come\u00e7amos nossa produ\u00e7\u00e3o de forma modesta, vendendo apenas para um grupo de amigos, at\u00e9 que surgiu o desejo de abrir uma gelateria. A loja era pequena e simples, mas o produto cativava os &hellip; <\/p>\n<p class=\"link-more\"><a href=\"https:\/\/legelato.com.br\/\" class=\"more-link\">Continue reading<span class=\"screen-reader-text\"> &#8220;Le Gelato&#8221;<\/span><\/a><\/p>\n","protected":false},"author":1,"featured_media":0,"parent":0,"menu_order":0,"comment_status":"closed","ping_status":"closed","template":"","meta":{"footnotes":""},"class_list":["post-9","page","type-page","status-publish","hentry"],"_links":{"self":[{"href":"https:\/\/legelato.com.br\/index.php\/wp-json\/wp\/v2\/pages\/9","targetHints":{"allow":["GET"]}}],"collection":[{"href":"https:\/\/legelato.com.br\/index.php\/wp-json\/wp\/v2\/pages"}],"about":[{"href":"https:\/\/legelato.com.br\/index.php\/wp-json\/wp\/v2\/types\/page"}],"author":[{"embeddable":true,"href":"https:\/\/legelato.com.br\/index.php\/wp-json\/wp\/v2\/users\/1"}],"replies":[{"embeddable":true,"href":"https:\/\/legelato.com.br\/index.php\/wp-json\/wp\/v2\/comments?post=9"}],"version-history":[{"count":3,"href":"https:\/\/legelato.com.br\/index.php\/wp-json\/wp\/v2\/pages\/9\/revisions"}],"predecessor-version":[{"id":94,"href":"https:\/\/legelato.com.br\/index.php\/wp-json\/wp\/v2\/pages\/9\/revisions\/94"}],"wp:attachment":[{"href":"https:\/\/legelato.com.br\/index.php\/wp-json\/wp\/v2\/media?parent=9"}],"curies":[{"name":"wp","href":"https:\/\/api.w.org\/{rel}","templated":true}]}}